{"id":1260,"date":"2025-11-09T19:53:25","date_gmt":"2025-11-09T18:53:25","guid":{"rendered":"https:\/\/zora.health\/index.php\/impressum\/"},"modified":"2025-11-09T19:54:41","modified_gmt":"2025-11-09T18:54:41","slug":"impressum","status":"publish","type":"page","link":"https:\/\/zora.health\/en\/impressum\/","title":{"rendered":"Impressum"},"content":{"rendered":"\n<h2 class=\"wp-block-heading\">Angaben gem\u00e4\u00df \u00a7 5 TMG<\/h2>\n\n<p>Viner Holdings UG (haftungsbeschr\u00e4nkt)<\/p>\n\n<p>Birkensteig 3<br\/>16775 L\u00f6wenberger Land<br\/>Deutschland<\/p>\n\n<p>Vertreten durch:<\/p>\n\n<p>Evgeny Viner<\/p>\n\n<p>Kontakt:<\/p>\n\n<p>E-Mail: <a href=\"mailto:privacy@vinermedia.com\">info@zora.health<\/a><br\/><\/p>\n\n<p>Registereintrag:<\/p>\n\n<p>Eingetragen im Handelsregister.<br\/>Registergericht: Amtsgericht Neuruppin<br\/>Registernummer: HRB 12645 NP<\/p>\n\n<p>Umsatzsteuer-ID:<\/p>\n\n<p>Umsatzsteuer-Identifikationsnummer gem\u00e4\u00df \u00a727 a Umsatzsteuergesetz: DE300755503<\/p>\n\n<p>Verantwortlich f\u00fcr den Inhalt nach \u00a7 55 Abs. 2 RStV:<\/p>\n\n<p>Evgeny Viner<br\/>Birkensteig 3<br\/>16775 L\u00f6wenberger Land<\/p>\n\n<hr class=\"wp-block-separator has-alpha-channel-opacity\"\/>\n\n<h3 class=\"wp-block-heading\">Haftungsausschluss (Disclaimer)<\/h3>\n\n<h4 class=\"wp-block-heading\">Haftung f\u00fcr Inhalte<\/h4>\n\n<p>Als Diensteanbieter sind wir gem\u00e4\u00df \u00a7 7 Abs.1 TMG f\u00fcr eigene Inhalte auf diesen Seiten nach den allgemeinen Gesetzen verantwortlich. Nach \u00a7\u00a7 8 bis 10 TMG sind wir jedoch nicht verpflichtet, \u00fcbermittelte oder gespeicherte fremde Informationen zu \u00fcberwachen oder nach Umst\u00e4nden zu forschen, die auf eine rechtswidrige T\u00e4tigkeit hinweisen.<\/p>\n\n<h4 class=\"wp-block-heading\">Haftung f\u00fcr Links<\/h4>\n\n<p>Unser Angebot enth\u00e4lt Links zu externen Websites Dritter, auf deren Inhalte wir keinen Einfluss haben. Deshalb k\u00f6nnen wir f\u00fcr diese fremden Inhalte auch keine Gew\u00e4hr \u00fcbernehmen. F\u00fcr die Inhalte der verlinkten Seiten ist stets der jeweilige Anbieter oder Betreiber der Seiten verantwortlich.<\/p>\n\n<hr class=\"wp-block-separator has-alpha-channel-opacity\"\/>\n\n<h3 class=\"wp-block-heading\">Urheberrecht<\/h3>\n\n<p>Die durch die Seitenbetreiber erstellten Inhalte und Werke auf diesen Seiten unterliegen dem deutschen Urheberrecht. Beitr\u00e4ge Dritter sind als solche gekennzeichnet. Die Vervielf\u00e4ltigung, Bearbeitung, Verbreitung und jede Art der Verwertung au\u00dferhalb der Grenzen des Urheberrechtes bed\u00fcrfen der schriftlichen Zustimmung des jeweiligen Autors bzw. Erstellers.<\/p>\n","protected":false},"excerpt":{"rendered":"<p>Angaben gem\u00e4\u00df \u00a7 5 TMG Viner Holdings UG (haftungsbeschr\u00e4nkt) Birkensteig 316775 L\u00f6wenberger LandDeutschland Vertreten durch: Evgeny Viner Kontakt: E-Mail: info@zora.health Registereintrag: Eingetragen im Handelsregister.Registergericht: Amtsgericht NeuruppinRegisternummer: HRB 12645 NP Umsatzsteuer-ID: Umsatzsteuer-Identifikationsnummer gem\u00e4\u00df \u00a727 a Umsatzsteuergesetz: DE300755503 Verantwortlich f\u00fcr den Inhalt nach \u00a7 55 Abs. 2 RStV: Evgeny VinerBirkensteig 316775 L\u00f6wenberger Land Haftungsausschluss (Disclaimer) Haftung f\u00fcr [&hellip;]<\/p>\n","protected":false},"author":1,"featured_media":0,"parent":0,"menu_order":0,"comment_status":"closed","ping_status":"closed","template":"","meta":{"footnotes":""},"class_list":["post-1260","page","type-page","status-publish","hentry"],"yoast_head":"<!-- This site is optimized with the Yoast SEO plugin v27.5 - https:\/\/yoast.com\/product\/yoast-seo-wordpress\/ -->\n<title>Impressum - Zora Health<\/title>\n<meta name=\"robots\" content=\"index, follow, max-snippet:-1, max-image-preview:large, max-video-preview:-1\" \/>\n<link rel=\"canonical\" href=\"https:\/\/zora.health\/en\/impressum\/\" \/>\n<meta property=\"og:locale\" content=\"en_US\" \/>\n<meta property=\"og:type\" content=\"article\" \/>\n<meta property=\"og:title\" content=\"Impressum - Zora Health\" \/>\n<meta property=\"og:description\" content=\"Angaben gem\u00e4\u00df \u00a7 5 TMG Viner Holdings UG (haftungsbeschr\u00e4nkt) Birkensteig 316775 L\u00f6wenberger LandDeutschland Vertreten durch: Evgeny Viner Kontakt: E-Mail: info@zora.health Registereintrag: Eingetragen im Handelsregister.Registergericht: Amtsgericht NeuruppinRegisternummer: HRB 12645 NP Umsatzsteuer-ID: Umsatzsteuer-Identifikationsnummer gem\u00e4\u00df \u00a727 a Umsatzsteuergesetz: DE300755503 Verantwortlich f\u00fcr den Inhalt nach \u00a7 55 Abs. 2 RStV: Evgeny VinerBirkensteig 316775 L\u00f6wenberger Land Haftungsausschluss (Disclaimer) Haftung f\u00fcr [&hellip;]\" \/>\n<meta property=\"og:url\" content=\"https:\/\/zora.health\/en\/impressum\/\" \/>\n<meta property=\"og:site_name\" content=\"Zora Health\" \/>\n<meta property=\"article:modified_time\" content=\"2025-11-09T18:54:41+00:00\" \/>\n<meta name=\"twitter:card\" content=\"summary_large_image\" \/>\n<meta name=\"twitter:label1\" content=\"Est. reading time\" \/>\n\t<meta name=\"twitter:data1\" content=\"1 minute\" \/>\n<script type=\"application\/ld+json\" class=\"yoast-schema-graph\">{\"@context\":\"https:\\\/\\\/schema.org\",\"@graph\":[{\"@type\":\"WebPage\",\"@id\":\"https:\\\/\\\/zora.health\\\/en\\\/impressum\\\/\",\"url\":\"https:\\\/\\\/zora.health\\\/en\\\/impressum\\\/\",\"name\":\"Impressum - Zora Health\",\"isPartOf\":{\"@id\":\"https:\\\/\\\/zora.health\\\/en\\\/#website\"},\"datePublished\":\"2025-11-09T18:53:25+00:00\",\"dateModified\":\"2025-11-09T18:54:41+00:00\",\"breadcrumb\":{\"@id\":\"https:\\\/\\\/zora.health\\\/en\\\/impressum\\\/#breadcrumb\"},\"inLanguage\":\"en-US\",\"potentialAction\":[{\"@type\":\"ReadAction\",\"target\":[\"https:\\\/\\\/zora.health\\\/en\\\/impressum\\\/\"]}]},{\"@type\":\"BreadcrumbList\",\"@id\":\"https:\\\/\\\/zora.health\\\/en\\\/impressum\\\/#breadcrumb\",\"itemListElement\":[{\"@type\":\"ListItem\",\"position\":1,\"name\":\"Start\",\"item\":\"https:\\\/\\\/zora.health\\\/en\\\/\"},{\"@type\":\"ListItem\",\"position\":2,\"name\":\"Impressum\"}]},{\"@type\":\"WebSite\",\"@id\":\"https:\\\/\\\/zora.health\\\/en\\\/#website\",\"url\":\"https:\\\/\\\/zora.health\\\/en\\\/\",\"name\":\"Zora Health\",\"description\":\"\",\"publisher\":{\"@id\":\"https:\\\/\\\/zora.health\\\/en\\\/#organization\"},\"potentialAction\":[{\"@type\":\"SearchAction\",\"target\":{\"@type\":\"EntryPoint\",\"urlTemplate\":\"https:\\\/\\\/zora.health\\\/en\\\/?s={search_term_string}\"},\"query-input\":{\"@type\":\"PropertyValueSpecification\",\"valueRequired\":true,\"valueName\":\"search_term_string\"}}],\"inLanguage\":\"en-US\"},{\"@type\":\"Organization\",\"@id\":\"https:\\\/\\\/zora.health\\\/en\\\/#organization\",\"name\":\"Zora Health\",\"url\":\"https:\\\/\\\/zora.health\\\/en\\\/\",\"logo\":{\"@type\":\"ImageObject\",\"inLanguage\":\"en-US\",\"@id\":\"https:\\\/\\\/zora.health\\\/en\\\/#\\\/schema\\\/logo\\\/image\\\/\",\"url\":\"https:\\\/\\\/zora.health\\\/wp-content\\\/uploads\\\/2025\\\/11\\\/Asset-8.png\",\"contentUrl\":\"https:\\\/\\\/zora.health\\\/wp-content\\\/uploads\\\/2025\\\/11\\\/Asset-8.png\",\"width\":87,\"height\":27,\"caption\":\"Zora Health\"},\"image\":{\"@id\":\"https:\\\/\\\/zora.health\\\/en\\\/#\\\/schema\\\/logo\\\/image\\\/\"}}]}<\/script>\n<!-- \/ Yoast SEO plugin. -->","yoast_head_json":{"title":"Impressum - Zora Health","robots":{"index":"index","follow":"follow","max-snippet":"max-snippet:-1","max-image-preview":"max-image-preview:large","max-video-preview":"max-video-preview:-1"},"canonical":"https:\/\/zora.health\/en\/impressum\/","og_locale":"en_US","og_type":"article","og_title":"Impressum - Zora Health","og_description":"Angaben gem\u00e4\u00df \u00a7 5 TMG Viner Holdings UG (haftungsbeschr\u00e4nkt) Birkensteig 316775 L\u00f6wenberger LandDeutschland Vertreten durch: Evgeny Viner Kontakt: E-Mail: info@zora.health Registereintrag: Eingetragen im Handelsregister.Registergericht: Amtsgericht NeuruppinRegisternummer: HRB 12645 NP Umsatzsteuer-ID: Umsatzsteuer-Identifikationsnummer gem\u00e4\u00df \u00a727 a Umsatzsteuergesetz: DE300755503 Verantwortlich f\u00fcr den Inhalt nach \u00a7 55 Abs. 2 RStV: Evgeny VinerBirkensteig 316775 L\u00f6wenberger Land Haftungsausschluss (Disclaimer) Haftung f\u00fcr [&hellip;]","og_url":"https:\/\/zora.health\/en\/impressum\/","og_site_name":"Zora Health","article_modified_time":"2025-11-09T18:54:41+00:00","twitter_card":"summary_large_image","twitter_misc":{"Est. reading time":"1 minute"},"schema":{"@context":"https:\/\/schema.org","@graph":[{"@type":"WebPage","@id":"https:\/\/zora.health\/en\/impressum\/","url":"https:\/\/zora.health\/en\/impressum\/","name":"Impressum - Zora Health","isPartOf":{"@id":"https:\/\/zora.health\/en\/#website"},"datePublished":"2025-11-09T18:53:25+00:00","dateModified":"2025-11-09T18:54:41+00:00","breadcrumb":{"@id":"https:\/\/zora.health\/en\/impressum\/#breadcrumb"},"inLanguage":"en-US","potentialAction":[{"@type":"ReadAction","target":["https:\/\/zora.health\/en\/impressum\/"]}]},{"@type":"BreadcrumbList","@id":"https:\/\/zora.health\/en\/impressum\/#breadcrumb","itemListElement":[{"@type":"ListItem","position":1,"name":"Start","item":"https:\/\/zora.health\/en\/"},{"@type":"ListItem","position":2,"name":"Impressum"}]},{"@type":"WebSite","@id":"https:\/\/zora.health\/en\/#website","url":"https:\/\/zora.health\/en\/","name":"Zora Health","description":"","publisher":{"@id":"https:\/\/zora.health\/en\/#organization"},"potentialAction":[{"@type":"SearchAction","target":{"@type":"EntryPoint","urlTemplate":"https:\/\/zora.health\/en\/?s={search_term_string}"},"query-input":{"@type":"PropertyValueSpecification","valueRequired":true,"valueName":"search_term_string"}}],"inLanguage":"en-US"},{"@type":"Organization","@id":"https:\/\/zora.health\/en\/#organization","name":"Zora Health","url":"https:\/\/zora.health\/en\/","logo":{"@type":"ImageObject","inLanguage":"en-US","@id":"https:\/\/zora.health\/en\/#\/schema\/logo\/image\/","url":"https:\/\/zora.health\/wp-content\/uploads\/2025\/11\/Asset-8.png","contentUrl":"https:\/\/zora.health\/wp-content\/uploads\/2025\/11\/Asset-8.png","width":87,"height":27,"caption":"Zora Health"},"image":{"@id":"https:\/\/zora.health\/en\/#\/schema\/logo\/image\/"}}]}},"_links":{"self":[{"href":"https:\/\/zora.health\/en\/wp-json\/wp\/v2\/pages\/1260","targetHints":{"allow":["GET"]}}],"collection":[{"href":"https:\/\/zora.health\/en\/wp-json\/wp\/v2\/pages"}],"about":[{"href":"https:\/\/zora.health\/en\/wp-json\/wp\/v2\/types\/page"}],"author":[{"embeddable":true,"href":"https:\/\/zora.health\/en\/wp-json\/wp\/v2\/users\/1"}],"replies":[{"embeddable":true,"href":"https:\/\/zora.health\/en\/wp-json\/wp\/v2\/comments?post=1260"}],"version-history":[{"count":1,"href":"https:\/\/zora.health\/en\/wp-json\/wp\/v2\/pages\/1260\/revisions"}],"predecessor-version":[{"id":1261,"href":"https:\/\/zora.health\/en\/wp-json\/wp\/v2\/pages\/1260\/revisions\/1261"}],"wp:attachment":[{"href":"https:\/\/zora.health\/en\/wp-json\/wp\/v2\/media?parent=1260"}],"curies":[{"name":"wp","href":"https:\/\/api.w.org\/{rel}","templated":true}]}}